{"id":2472,"date":"2017-05-29T14:21:43","date_gmt":"2017-05-29T13:21:43","guid":{"rendered":"https:\/\/www.rsconnect.net\/en\/?page_id=2472"},"modified":"2019-09-18T20:13:11","modified_gmt":"2019-09-18T18:13:11","slug":"voip-et-des-experts-en-communications-unifiees","status":"publish","type":"page","link":"https:\/\/www.rsconnect.net\/en\/resources\/voip-et-des-experts-en-communications-unifiees\/","title":{"rendered":"VoIP et des experts en communications unifi\u00e9es"},"content":{"rendered":"<p>RSconnect est sp\u00e9cialiste des communications VoIP et des communications unifi\u00e9es. Nous d\u00e9veloppons des outils de gestion, des solutions de reporting et des logiciels de s\u00e9curit\u00e9 pour la t\u00e9l\u00e9phonie IP d&#8217;entreprise. Nous sommes un partenaire certifi\u00e9 Cisco et nos solutions techniques coop\u00e8rent et int\u00e8grent avec des produits Cisco tels que <strong>CECM (Cisco Unified Communication Manager), Cisco Call Manager et Cisco Call Manager Express<\/strong>. Nous sommes un fournisseur de logiciels VoIP privil\u00e9gi\u00e9 pour de nombreuses entreprises sur tous les continents. Notre client\u00e8le s&#8217;\u00e9tend des petites et moyennes entreprises aux grandes multinationales. Nous offrons des solutions de t\u00e9l\u00e9phonie IP pour le march\u00e9 financier, les organismes gouvernementaux et les services publics, les instituts de soins de sant\u00e9 et tous les autres segments de l&#8217;industrie.<\/p>\n<h2>Gestionnaire de connexion pour les t\u00e9l\u00e9phones Cisco VoIP<\/h2>\n<p>Notre produit phare est le <strong><a href=\"https:\/\/www.rsconnect.net\/en\/solutions\/alm-overview\/alm-pro\/\">gestionnaire de connexion active<\/a><\/strong>. Il fonctionne avec <strong>Cisco Call Manage<\/strong>r et est une solution intelligente pour un risque de s\u00e9curit\u00e9 t\u00e9l\u00e9phonique VoIP bien connu. Beaucoup d&#8217;entreprises utilisent la fonctionnalit\u00e9 dite de <strong>mobilit\u00e9 de l&#8217;extension<\/strong>. Cette fonction permet aux employ\u00e9s de travailler \u00e0 partir de n&#8217;importe quel t\u00e9l\u00e9phone du bureau comme si c&#8217;\u00e9tait leur propre t\u00e9l\u00e9phone. En vous connectant \u00e0 ce t\u00e9l\u00e9phone de bureau (avec un nom d&#8217;utilisateur et un NIP), le t\u00e9l\u00e9phone de bureau est charg\u00e9 avec son propre num\u00e9ro de poste et ses propres fonctions et param\u00e8tres. Ils ont donc acc\u00e8s \u00e0 leur propre messagerie vocale, \u00e0 leurs propres num\u00e9ros abr\u00e9g\u00e9s et \u00e0 leur r\u00e9pertoire personnel et \u00e0 leurs listes de contacts.<\/p>\n<p>Ainsi, Extension Mobility est une excellente fonction\/fonctionnalit\u00e9 pour la t\u00e9l\u00e9phonie d&#8217;entreprise. Plus pr\u00e9cis\u00e9ment pour les entreprises qui utilisent des bureaux partag\u00e9s, des bureaux flexibles ou des si\u00e8ges de centre d&#8217;appels partag\u00e9s entre les agents. Chaque utilisateur peut se connecter \u00e0 chaque t\u00e9l\u00e9phone et l&#8217;utiliser avec son propre num\u00e9ro de t\u00e9l\u00e9phone et ses param\u00e8tres personnels.<\/p>\n<h2>Usabilit\u00e9 de la VoIP, probl\u00e8mes de port\u00e9e et de s\u00e9curit\u00e9 avec la mobilit\u00e9 de l&#8217;extension<\/h2>\n<p>Cependant, il existe un probl\u00e8me d&#8217;utilisabilit\u00e9 lors de la connexion \u00e0 un t\u00e9l\u00e9phone VoIP. Non seulement les utilisateurs finaux doivent se rappeler encore un autre nom d&#8217;utilisateur et num\u00e9ro d&#8217;identification personnel (NIP). Ils doivent \u00e9galement les saisir via le clavier de base de leur t\u00e9l\u00e9phone. C&#8217;est encombrant et pas convivial. Donc, pour beaucoup de gens, le choix consiste \u00e0 taper de longues cha\u00eenes sur un clavier t\u00e9l\u00e9phonique ou \u00e0 trouver une solution de contournement.<\/p>\n<p>Et il existe des solutions pour ouvrir une session sur un t\u00e9l\u00e9phone IP. Certaines personnes ne se connectent pas (et ne sont donc pas accessibles). D&#8217;autres gardent leur t\u00e9l\u00e9phone connect\u00e9 tout le temps. Ce qui signifie un grave risque de s\u00e9curit\u00e9 puisque n&#8217;importe qui peut acc\u00e9der \u00e0 son profil t\u00e9l\u00e9phonique peut r\u00e9cup\u00e9rer ses coordonn\u00e9es, \u00e9couter la messagerie vocale ou faire des appels t\u00e9l\u00e9phoniques en leur nom.<\/p>\n<p>Ainsi, les solutions de contournement d\u00e9gradent l&#8217;accessibilit\u00e9 des personnes (en raison de ne pas se connecter) ou la s\u00e9curit\u00e9 de leur t\u00e9l\u00e9phone VoIP (en raison de ne pas se d\u00e9connecter). Le risque de s\u00e9curit\u00e9 est encore plus grand puisque la r\u00e9glementation de la protection des donn\u00e9es devient de plus en plus importante dans de nombreux pays et aujourd&#8217;hui, un t\u00e9l\u00e9phone de bureau non s\u00e9curis\u00e9 n&#8217;est rien de moins qu&#8217;une violation potentielle des donn\u00e9es.<\/p>\n<h2>Notre Solution VoIP Security<\/h2>\n<p>RSconnect a d\u00e9velopp\u00e9 le <strong><a href=\"https:\/\/www.rsconnect.net\/en\/solutions\/alm-overview\/alm-pro\/\">gestionnaire Active Login<\/a><\/strong> pour r\u00e9soudre ce probl\u00e8me. Le logiciel fournit une solution de connexion unique qui active automatiquement le t\u00e9l\u00e9phone IP du bureau d\u00e8s que l&#8217;utilisateur de ce bureau se connecte au r\u00e9seau informatique de l&#8217;entreprise via son ordinateur, son ordinateur portable ou sa tablette. La connexion \u00e0 l&#8217;ordinateur est enregistr\u00e9e, le t\u00e9l\u00e9phone associ\u00e9 se trouve dans le r\u00e9f\u00e9rentiel r\u00e9seau et les param\u00e8tres utilisateur sont t\u00e9l\u00e9charg\u00e9s sur ce t\u00e9l\u00e9phone. Donc, partout dans les immeubles de la soci\u00e9t\u00e9, un utilisateur commence son ordinateur ou ouvre son ordinateur portable, le t\u00e9l\u00e9phone \u00e0 c\u00f4t\u00e9 de lui recevra automatiquement son num\u00e9ro de poste, son r\u00e9pertoire personnel, ses fonctionnalit\u00e9s et son profil. Et d\u00e8s que l&#8217;utilisateur arr\u00eate l&#8217;ordinateur (ou l&#8217;ordinateur passe en mode inactif ou en veille), le t\u00e9l\u00e9phone est \u00e9galement d\u00e9connect\u00e9. Automatiquement. Ainsi, c&#8217;est m\u00eame mieux qu&#8217;un bouton ou qu&#8217;une connexion \u00e0 un seul clic pour un t\u00e9l\u00e9phone IP. Il s&#8217;agit d&#8217;une connexion enti\u00e8rement automatis\u00e9e pour la t\u00e9l\u00e9phonie IP.<\/p>\n<h2>Connexion unique pour <strong>Cisco<\/strong> IP Telephones<\/h2>\n<p>Alors, voulez-vous stimuler la mobilit\u00e9 et l&#8217;accessibilit\u00e9 de votre personnel ? Voulez-vous leur donner la possibilit\u00e9 de travailler \u00e0 partir de n&#8217;importe quel bureau de bureau en utilisant leur propre num\u00e9ro de t\u00e9l\u00e9phone ? Avec une proc\u00e9dure de connexion automatique pour le t\u00e9l\u00e9phone VoIP ? Alors, <strong><a href=\"https:\/\/www.rsconnect.net\/en\/solutions\/alm-overview\/alm-pro\/\">Active Login Manager<\/a> pour Cisco Extension Mobility<\/strong> est la solution pour votre entreprise. C&#8217;est la solution de s\u00e9curit\u00e9 de connexion ultime pour IP Telephone dans les entreprises. V\u00e9rifiez l&#8217;ensemble complet des fonctionnalit\u00e9s ici et t\u00e9l\u00e9chargez notre logiciel.<\/p>\n","protected":false},"excerpt":{"rendered":"<p>RSconnect est sp\u00e9cialiste des communications VoIP et des communications unifi\u00e9es. Nous d\u00e9veloppons des outils de gestion, des solutions de reporting<\/p>\n","protected":false},"author":3,"featured_media":0,"parent":16,"menu_order":0,"comment_status":"closed","ping_status":"closed","template":"basic_page.php","meta":{"om_disable_all_campaigns":false,"_monsterinsights_skip_tracking":false,"_monsterinsights_sitenote_active":false,"_monsterinsights_sitenote_note":"","_monsterinsights_sitenote_category":0,"_uf_show_specific_survey":0,"_uf_disable_surveys":false,"footnotes":""},"class_list":["post-2472","page","type-page","status-publish","hentry"],"yoast_head":"<!-- This site is optimized with the Yoast SEO plugin v23.3 - https:\/\/yoast.com\/wordpress\/plugins\/seo\/ -->\n<title>VoIP et des experts en communications unifi\u00e9es - RSconnect<\/title>\n<meta name=\"robots\" content=\"index, follow, max-snippet:-1, max-image-preview:large, max-video-preview:-1\" \/>\n<link rel=\"canonical\" href=\"https:\/\/www.rsconnect.net\/en\/resources\/voip-et-des-experts-en-communications-unifiees\/\" \/>\n<meta property=\"og:locale\" content=\"en_GB\" \/>\n<meta property=\"og:type\" content=\"article\" \/>\n<meta property=\"og:title\" content=\"VoIP et des experts en communications unifi\u00e9es - RSconnect\" \/>\n<meta property=\"og:description\" content=\"RSconnect est sp\u00e9cialiste des communications VoIP et des communications unifi\u00e9es. Nous d\u00e9veloppons des outils de gestion, des solutions de reporting\" \/>\n<meta property=\"og:url\" content=\"https:\/\/www.rsconnect.net\/en\/resources\/voip-et-des-experts-en-communications-unifiees\/\" \/>\n<meta property=\"og:site_name\" content=\"RSconnect\" \/>\n<meta property=\"article:modified_time\" content=\"2019-09-18T18:13:11+00:00\" \/>\n<meta name=\"twitter:card\" content=\"summary_large_image\" \/>\n<meta name=\"twitter:label1\" content=\"Estimated reading time\" \/>\n\t<meta name=\"twitter:data1\" content=\"4 minutes\" \/>\n<script type=\"application\/ld+json\" class=\"yoast-schema-graph\">{\"@context\":\"https:\/\/schema.org\",\"@graph\":[{\"@type\":\"WebPage\",\"@id\":\"https:\/\/www.rsconnect.net\/en\/resources\/voip-et-des-experts-en-communications-unifiees\/\",\"url\":\"https:\/\/www.rsconnect.net\/en\/resources\/voip-et-des-experts-en-communications-unifiees\/\",\"name\":\"VoIP et des experts en communications unifi\u00e9es - RSconnect\",\"isPartOf\":{\"@id\":\"https:\/\/www.rsconnect.net\/en\/#website\"},\"datePublished\":\"2017-05-29T13:21:43+00:00\",\"dateModified\":\"2019-09-18T18:13:11+00:00\",\"breadcrumb\":{\"@id\":\"https:\/\/www.rsconnect.net\/en\/resources\/voip-et-des-experts-en-communications-unifiees\/#breadcrumb\"},\"inLanguage\":\"en-GB\",\"potentialAction\":[{\"@type\":\"ReadAction\",\"target\":[\"https:\/\/www.rsconnect.net\/en\/resources\/voip-et-des-experts-en-communications-unifiees\/\"]}]},{\"@type\":\"BreadcrumbList\",\"@id\":\"https:\/\/www.rsconnect.net\/en\/resources\/voip-et-des-experts-en-communications-unifiees\/#breadcrumb\",\"itemListElement\":[{\"@type\":\"ListItem\",\"position\":1,\"name\":\"Home\",\"item\":\"https:\/\/www.rsconnect.net\/en\/\"},{\"@type\":\"ListItem\",\"position\":2,\"name\":\"Resources\",\"item\":\"https:\/\/www.rsconnect.net\/en\/resources\/\"},{\"@type\":\"ListItem\",\"position\":3,\"name\":\"VoIP et des experts en communications unifi\u00e9es\"}]},{\"@type\":\"WebSite\",\"@id\":\"https:\/\/www.rsconnect.net\/en\/#website\",\"url\":\"https:\/\/www.rsconnect.net\/en\/\",\"name\":\"RSconnect\",\"description\":\"UC Security Solutions\",\"potentialAction\":[{\"@type\":\"SearchAction\",\"target\":{\"@type\":\"EntryPoint\",\"urlTemplate\":\"https:\/\/www.rsconnect.net\/en\/?s={search_term_string}\"},\"query-input\":\"required name=search_term_string\"}],\"inLanguage\":\"en-GB\"}]}<\/script>\n<!-- \/ Yoast SEO plugin. -->","yoast_head_json":{"title":"VoIP et des experts en communications unifi\u00e9es - RSconnect","robots":{"index":"index","follow":"follow","max-snippet":"max-snippet:-1","max-image-preview":"max-image-preview:large","max-video-preview":"max-video-preview:-1"},"canonical":"https:\/\/www.rsconnect.net\/en\/resources\/voip-et-des-experts-en-communications-unifiees\/","og_locale":"en_GB","og_type":"article","og_title":"VoIP et des experts en communications unifi\u00e9es - RSconnect","og_description":"RSconnect est sp\u00e9cialiste des communications VoIP et des communications unifi\u00e9es. Nous d\u00e9veloppons des outils de gestion, des solutions de reporting","og_url":"https:\/\/www.rsconnect.net\/en\/resources\/voip-et-des-experts-en-communications-unifiees\/","og_site_name":"RSconnect","article_modified_time":"2019-09-18T18:13:11+00:00","twitter_card":"summary_large_image","twitter_misc":{"Estimated reading time":"4 minutes"},"schema":{"@context":"https:\/\/schema.org","@graph":[{"@type":"WebPage","@id":"https:\/\/www.rsconnect.net\/en\/resources\/voip-et-des-experts-en-communications-unifiees\/","url":"https:\/\/www.rsconnect.net\/en\/resources\/voip-et-des-experts-en-communications-unifiees\/","name":"VoIP et des experts en communications unifi\u00e9es - RSconnect","isPartOf":{"@id":"https:\/\/www.rsconnect.net\/en\/#website"},"datePublished":"2017-05-29T13:21:43+00:00","dateModified":"2019-09-18T18:13:11+00:00","breadcrumb":{"@id":"https:\/\/www.rsconnect.net\/en\/resources\/voip-et-des-experts-en-communications-unifiees\/#breadcrumb"},"inLanguage":"en-GB","potentialAction":[{"@type":"ReadAction","target":["https:\/\/www.rsconnect.net\/en\/resources\/voip-et-des-experts-en-communications-unifiees\/"]}]},{"@type":"BreadcrumbList","@id":"https:\/\/www.rsconnect.net\/en\/resources\/voip-et-des-experts-en-communications-unifiees\/#breadcrumb","itemListElement":[{"@type":"ListItem","position":1,"name":"Home","item":"https:\/\/www.rsconnect.net\/en\/"},{"@type":"ListItem","position":2,"name":"Resources","item":"https:\/\/www.rsconnect.net\/en\/resources\/"},{"@type":"ListItem","position":3,"name":"VoIP et des experts en communications unifi\u00e9es"}]},{"@type":"WebSite","@id":"https:\/\/www.rsconnect.net\/en\/#website","url":"https:\/\/www.rsconnect.net\/en\/","name":"RSconnect","description":"UC Security Solutions","potentialAction":[{"@type":"SearchAction","target":{"@type":"EntryPoint","urlTemplate":"https:\/\/www.rsconnect.net\/en\/?s={search_term_string}"},"query-input":"required name=search_term_string"}],"inLanguage":"en-GB"}]}},"_links":{"self":[{"href":"https:\/\/www.rsconnect.net\/en\/wp-json\/wp\/v2\/pages\/2472"}],"collection":[{"href":"https:\/\/www.rsconnect.net\/en\/wp-json\/wp\/v2\/pages"}],"about":[{"href":"https:\/\/www.rsconnect.net\/en\/wp-json\/wp\/v2\/types\/page"}],"author":[{"embeddable":true,"href":"https:\/\/www.rsconnect.net\/en\/wp-json\/wp\/v2\/users\/3"}],"replies":[{"embeddable":true,"href":"https:\/\/www.rsconnect.net\/en\/wp-json\/wp\/v2\/comments?post=2472"}],"version-history":[{"count":3,"href":"https:\/\/www.rsconnect.net\/en\/wp-json\/wp\/v2\/pages\/2472\/revisions"}],"predecessor-version":[{"id":4445,"href":"https:\/\/www.rsconnect.net\/en\/wp-json\/wp\/v2\/pages\/2472\/revisions\/4445"}],"up":[{"embeddable":true,"href":"https:\/\/www.rsconnect.net\/en\/wp-json\/wp\/v2\/pages\/16"}],"wp:attachment":[{"href":"https:\/\/www.rsconnect.net\/en\/wp-json\/wp\/v2\/media?parent=2472"}],"curies":[{"name":"wp","href":"https:\/\/api.w.org\/{rel}","templated":true}]}}