{"id":2469,"date":"2017-05-29T14:17:08","date_gmt":"2017-05-29T13:17:08","guid":{"rendered":"https:\/\/www.rsconnect.net\/en\/?page_id=2469"},"modified":"2019-09-17T21:04:30","modified_gmt":"2019-09-17T19:04:30","slug":"expertos-voip-y-comunicaciones-unificadas","status":"publish","type":"page","link":"https:\/\/www.rsconnect.net\/en\/resources\/expertos-voip-y-comunicaciones-unificadas\/","title":{"rendered":"Expertos VoIP y Comunicaciones Unificadas"},"content":{"rendered":"<p>RSconnect es un especialista en VoIP y Comunicaciones Unificadas. Nosotros desarrollamos herramientas de gesti\u00f3n, soluciones de reporteo y software para telefon\u00eda IP de negocio. Somos un Socio Certificado de Cisco y nuestras soluciones t\u00e9cnicas cooperan e integran con productos de Cisco como <strong>CUCM (Gesto de Comunicaci\u00f3n Unificado de Cisco), <\/strong>El <strong>Administrador de Llamada de Cisco <\/strong>y el <strong>Administrador Express de Llamada de Cisco.<\/strong> Somos un proveedor de software VoIP preferido por numerosas compa\u00f1\u00edas en todos los continentes. Nosotros ofrecemos soluciones de telefon\u00eda IP para el Mercado financiero, organizaciones gubernamentales y servicios p\u00fablicos, instituciones de salud y todos los otros segmentos de la industria<\/p>\n<h2>Administrador de Ingreso para Tel\u00e9fonos VoIP de Cisco<\/h2>\n<p>Nuestro producto insignia es el <strong><a href=\"https:\/\/www.rsconnect.net\/en\/solutions\/alm-overview\/alm-pro\/\">Administrador de Acceso\u00a0Activo<\/a>. <\/strong>Funciona con el <strong>Administrador de Llamada de Cisco<\/strong> y es una soluci\u00f3n inteligente para un riesgo conocido de telefon\u00eda VoIP. Muchas compa\u00f1\u00edas utilizan la famosa caracter\u00edstica de <strong>extensi\u00f3n de movilidad. <\/strong>Esta funci\u00f3n hace posible que los empleados puedan trabajar desde cualquier tel\u00e9fono en la oficina como si fuera su propio tel\u00e9fono. Solamente ingresando a ese tel\u00e9fono de escritorio (Con un usuario y NIP) el tel\u00e9fono de escritorio carga su propio n\u00famero de extensi\u00f3n y sus propias funciones y configuraciones. Entonces, ellos tienen acceso a su propio buz\u00f3n de voz, su propia marcaci\u00f3n r\u00e1pida de n\u00fameros y su propio directorio personal y lista de contactos.<\/p>\n<p>Entonces, la Extensi\u00f3n de Movilidad es una gran funci\u00f3n\/caracter\u00edstica para tel\u00e9fonos de negocios. Espec\u00edficamente para compa\u00f1\u00edas que utilizan escritorios compartidos, oficinas compartidas o tienen asientos de centro de llamadas compartidos entre agentes. Cada usuario puede ingresar a cada tel\u00e9fono y utilizarlo con su propio n\u00famero de tel\u00e9fono y configuraci\u00f3n personal.<\/p>\n<h2>Usabilidad, Alcance y problemas de Seguridad de VoIP con Extensi\u00f3n de Movilidad<\/h2>\n<p>Sin embargo, hay un problema de usabilidad al ingresar a un tel\u00e9fono VoIP. No solamente el usuario final tiene que recordar otro usuario y Numero de Identificaci\u00f3n Personal (NIP) m\u00e1s. El tambi\u00e9n tiene que ingresarlos por medio del teclado b\u00e1sico en su tel\u00e9fono. Esto es inc\u00f3modo y no es amigable para el usuario. Entonces, para muchas personas la elecci\u00f3n est\u00e1 entre teclear muchos caracteres en un teclado telef\u00f3nico o encontrar una alternativa.<\/p>\n<p>Y hay alternativas para conectarse a un Tel\u00e9fono IP. Algunas personas simplemente no se conectan (y por lo tanto no son localizables). Otros se mantienen conectados a su tel\u00e9fono todo el tiempo. Lo cual significa un gran riesgo de seguridad puesto que cualquier persona puede ingresar a su perfil telef\u00f3nico, extraer los detalles de contactos, escuchar el buz\u00f3n de voz o hacer llamadas en su nombre.<\/p>\n<p>Entonces, estas alternativas ya sea que degradan la disponibilidad de las personas (al no conectarse) o la seguridad de su Tel\u00e9fono VoIP (al mantenerse conectado). El riesgo de seguridad es a\u00fan mayor desde que las regulaciones de protecci\u00f3n de datos est\u00e1n siendo m\u00e1s importantes en muchos pa\u00edses y en la actualidad un tel\u00e9fono de escritorio sin seguridad es nada menos que un posible escape de datos.<\/p>\n<h2>Nuestra Soluci\u00f3n de Seguridad de VoIP<\/h2>\n<p>RSconnect desarrollo un <strong><a href=\"https:\/\/www.rsconnect.net\/en\/solutions\/alm-overview\/alm-pro\/\">Administrador de Acceso Activo<\/a><\/strong> para resolver esto. El software provee una soluci\u00f3n de Inicio de Sesi\u00f3n \u00danico que autom\u00e1ticamente activa el tel\u00e9fono IP de escritorio tan pronto como el usuario en ese escritorio ingrese a la red de computacional de la compa\u00f1\u00eda desde su computadora, laptop o tablet. El acceso de la computadora es registrado, el tel\u00e9fono asociado es encontrado en el repositorio de red y a configuraci\u00f3n del usuario es cargada en ese tel\u00e9fono. Entonces, en cualquier lugar del edificio que el usuario inicie su computadora o abra su laptop, el tel\u00e9fono a un lado de el autom\u00e1ticamente recibir\u00e1 su n\u00famero de extensi\u00f3n, su directorio persona, sus caracter\u00edsticas y su perfil. Y tan pronto como el usuario apague su computadora (O la computadora cambie a inactiva o en espera), el tel\u00e9fono tambi\u00e9n es desconectado. Autom\u00e1ticamente. Entonces, es a\u00fan mejor que un bot\u00f3n o un ingreso de un clic para un tel\u00e9fono IP. Es un acceso totalmente automatizado para telefon\u00eda IP.<\/p>\n<h2>Inicio de Sesi\u00f3n \u00danico para Tel\u00e9fonos IP de Cisco<\/h2>\n<p>Entonces, \u00bfQuiere estimular la movilidad y la disponibilidad de su personal? \u00bfQuiere brindarles la oportunidad de trabajar desde cualquier escritorio en la oficina usando su propio n\u00famero de tel\u00e9fono? \u00bfCon un procedimiento de acceso autom\u00e1tico para telefon\u00eda VoIP? Entonces, el <strong><a href=\"https:\/\/www.rsconnect.net\/en\/solutions\/alm-overview\/alm-pro\/\">Administrador de Acceso Activo<\/a> <\/strong>para <strong>Extensi\u00f3n de Movilidad de Cisco<\/strong> es la soluci\u00f3n para su compa\u00f1\u00eda. Es la soluci\u00f3n de seguridad de Inicio de Sesi\u00f3n \u00danico definitiva para Telefon\u00eda IP en las compa\u00f1\u00edas. Verifique la lista completa de caracter\u00edsticas aqu\u00ed y descargue nuestro software.<\/p>\n<p>&nbsp;<\/p>\n","protected":false},"excerpt":{"rendered":"<p>RSconnect es un especialista en VoIP y Comunicaciones Unificadas. Nosotros desarrollamos herramientas de gesti\u00f3n, soluciones de reporteo y software para<\/p>\n","protected":false},"author":3,"featured_media":0,"parent":16,"menu_order":0,"comment_status":"closed","ping_status":"closed","template":"basic_page.php","meta":{"om_disable_all_campaigns":false,"_monsterinsights_skip_tracking":false,"_monsterinsights_sitenote_active":false,"_monsterinsights_sitenote_note":"","_monsterinsights_sitenote_category":0,"_uf_show_specific_survey":0,"_uf_disable_surveys":false,"footnotes":""},"class_list":["post-2469","page","type-page","status-publish","hentry"],"yoast_head":"<!-- This site is optimized with the Yoast SEO plugin v23.3 - https:\/\/yoast.com\/wordpress\/plugins\/seo\/ -->\n<title>Expertos VoIP y Comunicaciones Unificadas - RSconnect<\/title>\n<meta name=\"robots\" content=\"index, follow, max-snippet:-1, max-image-preview:large, max-video-preview:-1\" \/>\n<link rel=\"canonical\" href=\"https:\/\/www.rsconnect.net\/en\/resources\/expertos-voip-y-comunicaciones-unificadas\/\" \/>\n<meta property=\"og:locale\" content=\"en_GB\" \/>\n<meta property=\"og:type\" content=\"article\" \/>\n<meta property=\"og:title\" content=\"Expertos VoIP y Comunicaciones Unificadas - RSconnect\" \/>\n<meta property=\"og:description\" content=\"RSconnect es un especialista en VoIP y Comunicaciones Unificadas. Nosotros desarrollamos herramientas de gesti\u00f3n, soluciones de reporteo y software para\" \/>\n<meta property=\"og:url\" content=\"https:\/\/www.rsconnect.net\/en\/resources\/expertos-voip-y-comunicaciones-unificadas\/\" \/>\n<meta property=\"og:site_name\" content=\"RSconnect\" \/>\n<meta property=\"article:modified_time\" content=\"2019-09-17T19:04:30+00:00\" \/>\n<meta name=\"twitter:card\" content=\"summary_large_image\" \/>\n<meta name=\"twitter:label1\" content=\"Estimated reading time\" \/>\n\t<meta name=\"twitter:data1\" content=\"4 minutes\" \/>\n<script type=\"application\/ld+json\" class=\"yoast-schema-graph\">{\"@context\":\"https:\/\/schema.org\",\"@graph\":[{\"@type\":\"WebPage\",\"@id\":\"https:\/\/www.rsconnect.net\/en\/resources\/expertos-voip-y-comunicaciones-unificadas\/\",\"url\":\"https:\/\/www.rsconnect.net\/en\/resources\/expertos-voip-y-comunicaciones-unificadas\/\",\"name\":\"Expertos VoIP y Comunicaciones Unificadas - RSconnect\",\"isPartOf\":{\"@id\":\"https:\/\/www.rsconnect.net\/en\/#website\"},\"datePublished\":\"2017-05-29T13:17:08+00:00\",\"dateModified\":\"2019-09-17T19:04:30+00:00\",\"breadcrumb\":{\"@id\":\"https:\/\/www.rsconnect.net\/en\/resources\/expertos-voip-y-comunicaciones-unificadas\/#breadcrumb\"},\"inLanguage\":\"en-GB\",\"potentialAction\":[{\"@type\":\"ReadAction\",\"target\":[\"https:\/\/www.rsconnect.net\/en\/resources\/expertos-voip-y-comunicaciones-unificadas\/\"]}]},{\"@type\":\"BreadcrumbList\",\"@id\":\"https:\/\/www.rsconnect.net\/en\/resources\/expertos-voip-y-comunicaciones-unificadas\/#breadcrumb\",\"itemListElement\":[{\"@type\":\"ListItem\",\"position\":1,\"name\":\"Home\",\"item\":\"https:\/\/www.rsconnect.net\/en\/\"},{\"@type\":\"ListItem\",\"position\":2,\"name\":\"Resources\",\"item\":\"https:\/\/www.rsconnect.net\/en\/resources\/\"},{\"@type\":\"ListItem\",\"position\":3,\"name\":\"Expertos VoIP y Comunicaciones Unificadas\"}]},{\"@type\":\"WebSite\",\"@id\":\"https:\/\/www.rsconnect.net\/en\/#website\",\"url\":\"https:\/\/www.rsconnect.net\/en\/\",\"name\":\"RSconnect\",\"description\":\"UC Security Solutions\",\"potentialAction\":[{\"@type\":\"SearchAction\",\"target\":{\"@type\":\"EntryPoint\",\"urlTemplate\":\"https:\/\/www.rsconnect.net\/en\/?s={search_term_string}\"},\"query-input\":\"required name=search_term_string\"}],\"inLanguage\":\"en-GB\"}]}<\/script>\n<!-- \/ Yoast SEO plugin. -->","yoast_head_json":{"title":"Expertos VoIP y Comunicaciones Unificadas - RSconnect","robots":{"index":"index","follow":"follow","max-snippet":"max-snippet:-1","max-image-preview":"max-image-preview:large","max-video-preview":"max-video-preview:-1"},"canonical":"https:\/\/www.rsconnect.net\/en\/resources\/expertos-voip-y-comunicaciones-unificadas\/","og_locale":"en_GB","og_type":"article","og_title":"Expertos VoIP y Comunicaciones Unificadas - RSconnect","og_description":"RSconnect es un especialista en VoIP y Comunicaciones Unificadas. Nosotros desarrollamos herramientas de gesti\u00f3n, soluciones de reporteo y software para","og_url":"https:\/\/www.rsconnect.net\/en\/resources\/expertos-voip-y-comunicaciones-unificadas\/","og_site_name":"RSconnect","article_modified_time":"2019-09-17T19:04:30+00:00","twitter_card":"summary_large_image","twitter_misc":{"Estimated reading time":"4 minutes"},"schema":{"@context":"https:\/\/schema.org","@graph":[{"@type":"WebPage","@id":"https:\/\/www.rsconnect.net\/en\/resources\/expertos-voip-y-comunicaciones-unificadas\/","url":"https:\/\/www.rsconnect.net\/en\/resources\/expertos-voip-y-comunicaciones-unificadas\/","name":"Expertos VoIP y Comunicaciones Unificadas - RSconnect","isPartOf":{"@id":"https:\/\/www.rsconnect.net\/en\/#website"},"datePublished":"2017-05-29T13:17:08+00:00","dateModified":"2019-09-17T19:04:30+00:00","breadcrumb":{"@id":"https:\/\/www.rsconnect.net\/en\/resources\/expertos-voip-y-comunicaciones-unificadas\/#breadcrumb"},"inLanguage":"en-GB","potentialAction":[{"@type":"ReadAction","target":["https:\/\/www.rsconnect.net\/en\/resources\/expertos-voip-y-comunicaciones-unificadas\/"]}]},{"@type":"BreadcrumbList","@id":"https:\/\/www.rsconnect.net\/en\/resources\/expertos-voip-y-comunicaciones-unificadas\/#breadcrumb","itemListElement":[{"@type":"ListItem","position":1,"name":"Home","item":"https:\/\/www.rsconnect.net\/en\/"},{"@type":"ListItem","position":2,"name":"Resources","item":"https:\/\/www.rsconnect.net\/en\/resources\/"},{"@type":"ListItem","position":3,"name":"Expertos VoIP y Comunicaciones Unificadas"}]},{"@type":"WebSite","@id":"https:\/\/www.rsconnect.net\/en\/#website","url":"https:\/\/www.rsconnect.net\/en\/","name":"RSconnect","description":"UC Security Solutions","potentialAction":[{"@type":"SearchAction","target":{"@type":"EntryPoint","urlTemplate":"https:\/\/www.rsconnect.net\/en\/?s={search_term_string}"},"query-input":"required name=search_term_string"}],"inLanguage":"en-GB"}]}},"_links":{"self":[{"href":"https:\/\/www.rsconnect.net\/en\/wp-json\/wp\/v2\/pages\/2469"}],"collection":[{"href":"https:\/\/www.rsconnect.net\/en\/wp-json\/wp\/v2\/pages"}],"about":[{"href":"https:\/\/www.rsconnect.net\/en\/wp-json\/wp\/v2\/types\/page"}],"author":[{"embeddable":true,"href":"https:\/\/www.rsconnect.net\/en\/wp-json\/wp\/v2\/users\/3"}],"replies":[{"embeddable":true,"href":"https:\/\/www.rsconnect.net\/en\/wp-json\/wp\/v2\/comments?post=2469"}],"version-history":[{"count":4,"href":"https:\/\/www.rsconnect.net\/en\/wp-json\/wp\/v2\/pages\/2469\/revisions"}],"predecessor-version":[{"id":4372,"href":"https:\/\/www.rsconnect.net\/en\/wp-json\/wp\/v2\/pages\/2469\/revisions\/4372"}],"up":[{"embeddable":true,"href":"https:\/\/www.rsconnect.net\/en\/wp-json\/wp\/v2\/pages\/16"}],"wp:attachment":[{"href":"https:\/\/www.rsconnect.net\/en\/wp-json\/wp\/v2\/media?parent=2469"}],"curies":[{"name":"wp","href":"https:\/\/api.w.org\/{rel}","templated":true}]}}